{"id":778,"date":"2024-05-20T15:42:07","date_gmt":"2024-05-20T15:42:07","guid":{"rendered":"https:\/\/festivalniu.cat\/?page_id=778"},"modified":"2025-05-29T09:36:56","modified_gmt":"2025-05-29T09:36:56","slug":"niu-professionals","status":"publish","type":"page","link":"https:\/\/www.festivalniu.cat\/index.php\/niu-professionals\/","title":{"rendered":"+ Niu: Professionals"},"content":{"rendered":"\t\t<div data-elementor-type=\"wp-page\" data-elementor-id=\"778\" class=\"elementor elementor-778\">\n\t\t\t\t<div class=\"elementor-element elementor-element-9b0a44f e-flex e-con-boxed e-con e-parent\" data-id=\"9b0a44f\" data-element_type=\"container\" data-e-type=\"container\">\n\t\t\t\t\t<div class=\"e-con-inner\">\n\t\t<div class=\"elementor-element elementor-element-3d1d06a e-grid e-con-boxed e-con e-child\" data-id=\"3d1d06a\" data-element_type=\"container\" data-e-type=\"container\">\n\t\t\t\t\t<div class=\"e-con-inner\">\n\t\t\t\t<div class=\"elementor-element elementor-element-fd3f2b8 elementor-widget elementor-widget-text-editor\" data-id=\"fd3f2b8\" data-element_type=\"widget\" data-e-type=\"widget\" data-widget_type=\"text-editor.default\">\n\t\t\t\t<div class=\"elementor-widget-container\">\n\t\t\t\t\t\t\t\t\t<p><strong>\u00a0<\/strong><\/p><p><strong>\u00a0<\/strong><\/p><p><strong>Benvinguts al + Niu 2025!<\/strong><\/p><p>El +Niu se centra en la creaci\u00f3 de xarxa entre els artistes participants. Ser\u00e0 una tarda que combinar\u00e0 formaci\u00f3, debat i espais per a la col\u00b7laboraci\u00f3, on es compartiran inquietuds i reflexions sobre la pr\u00e0ctica art\u00edstica actual i el paper dels joves en el sector cultural.<\/p><p>Reserva el teu lloc a trav\u00e9s d&#8217;Eventbrite:\u00a0<br \/><a style=\"background-color: #ffffff;\" href=\"https:\/\/www.eventbrite.com\/e\/entradas-niu-2025-1387388399049\">https:\/\/www.eventbrite.com\/e\/entradas-niu-2025-1387388399049<\/a><\/p><p>A les 19h, comen\u00e7arem amb una xerrada formativa a c\u00e0rrec de Llu\u00eds Thi\u00f3, en la que ens explicar\u00e0 diverses formes jur\u00eddiques i associacions, aix\u00ed com deducci\u00f3 fiscal de m\u00fasica en viu i arts esc\u00e8niques. Aquesta sessi\u00f3 formativa, vol fer als artistes part\u00edcips, donant-los torns de preguntes per fer al ponent.<\/p><p>A partir de les 19:50h, podrem gaudir del debat moderat per Saliha Bouhasfour, titulat &#8216;Crear en el caos digital: art, xarxes i autenticitat&#8217;, amb l&#8217;actriu Daniela Brown, l&#8217;artista visual Franc Aleu i el reconegut escriptor Albert S\u00e1nchez-Pi\u00f1ol.<\/p><p>Seguidament, i per acabar, comen\u00e7arem la presentaci\u00f3 de projectes culturals: Nau C\u00f4clea, El Terrat de Celr\u00e0, La Mosquitera, Festival Z, Col\u00b7lectiu Desasosiego i el Col\u00b7lectiu de Circ de Girona.<\/p><p>Us hi esperem!<\/p>\t\t\t\t\t\t\t\t<\/div>\n\t\t\t\t<\/div>\n\t\t\t\t<div class=\"elementor-element elementor-element-ebab87e elementor-widget elementor-widget-image\" data-id=\"ebab87e\" data-element_type=\"widget\" data-e-type=\"widget\" data-widget_type=\"image.default\">\n\t\t\t\t<div class=\"elementor-widget-container\">\n\t\t\t\t\t\t\t\t\t\t\t\t\t\t\t<img decoding=\"async\" src=\"https:\/\/www.festivalniu.cat\/wp-content\/uploads\/elementor\/thumbs\/Niu-2025-r6ilvsqnlvhfzzn89ij8ggjorg1qdaai7sjl0l3u2o.png\" title=\"+Niu 2025\" alt=\"+Niu 2025\" loading=\"lazy\" \/>\t\t\t\t\t\t\t\t\t\t\t\t\t\t\t<\/div>\n\t\t\t\t<\/div>\n\t\t\t\t\t<\/div>\n\t\t\t\t<\/div>\n\t\t\t\t\t<\/div>\n\t\t\t\t<\/div>\n\t\t\t\t<\/div>\n\t\t","protected":false},"excerpt":{"rendered":"<p>\u00a0 \u00a0 Benvinguts al + Niu 2025! El +Niu se centra en la creaci\u00f3 de xarxa entre els artistes participants. Ser\u00e0 una tarda que combinar\u00e0 formaci\u00f3, debat i espais per a la col\u00b7laboraci\u00f3, on es compartiran inquietuds i reflexions sobre la pr\u00e0ctica art\u00edstica actual i el paper dels joves en el sector cultural. Reserva el [&hellip;]<\/p>\n","protected":false},"author":1,"featured_media":0,"parent":0,"menu_order":0,"comment_status":"closed","ping_status":"closed","template":"","meta":{"om_disable_all_campaigns":false,"_monsterinsights_skip_tracking":false,"_monsterinsights_sitenote_active":false,"_monsterinsights_sitenote_note":"","_monsterinsights_sitenote_category":0,"_uf_show_specific_survey":0,"_uf_disable_surveys":false,"footnotes":""},"class_list":["post-778","page","type-page","status-publish","hentry"],"aioseo_notices":[],"_links":{"self":[{"href":"https:\/\/www.festivalniu.cat\/index.php\/wp-json\/wp\/v2\/pages\/778","targetHints":{"allow":["GET"]}}],"collection":[{"href":"https:\/\/www.festivalniu.cat\/index.php\/wp-json\/wp\/v2\/pages"}],"about":[{"href":"https:\/\/www.festivalniu.cat\/index.php\/wp-json\/wp\/v2\/types\/page"}],"author":[{"embeddable":true,"href":"https:\/\/www.festivalniu.cat\/index.php\/wp-json\/wp\/v2\/users\/1"}],"replies":[{"embeddable":true,"href":"https:\/\/www.festivalniu.cat\/index.php\/wp-json\/wp\/v2\/comments?post=778"}],"version-history":[{"count":17,"href":"https:\/\/www.festivalniu.cat\/index.php\/wp-json\/wp\/v2\/pages\/778\/revisions"}],"predecessor-version":[{"id":1139,"href":"https:\/\/www.festivalniu.cat\/index.php\/wp-json\/wp\/v2\/pages\/778\/revisions\/1139"}],"wp:attachment":[{"href":"https:\/\/www.festivalniu.cat\/index.php\/wp-json\/wp\/v2\/media?parent=778"}],"curies":[{"name":"wp","href":"https:\/\/api.w.org\/{rel}","templated":true}]}}